{"id":18,"date":"2021-12-09T14:57:02","date_gmt":"2021-12-09T14:57:02","guid":{"rendered":"https:\/\/dev.rmradgjof.is\/?page_id=18"},"modified":"2022-11-23T10:14:06","modified_gmt":"2022-11-23T10:14:06","slug":"um-rm-radgjof","status":"publish","type":"page","link":"https:\/\/dev.rmradgjof.is\/index.php\/um-rm-radgjof\/","title":{"rendered":"Um RM R\u00e1\u00f0gj\u00f6f"},"content":{"rendered":"\t\t<div data-elementor-type=\"wp-page\" data-elementor-id=\"18\" class=\"elementor elementor-18\">\n\t\t\t\t\t\t\t\t\t<section class=\"elementor-section elementor-top-section elementor-element elementor-element-daa5b22 elementor-section-full_width elementor-section-height-default elementor-section-height-default\" data-id=\"daa5b22\" data-element_type=\"section\" data-settings=\"{&quot;background_background&quot;:&quot;classic&quot;}\">\n\t\t\t\t\t\t\t<div class=\"elementor-background-overlay\"><\/div>\n\t\t\t\t\t\t\t<div class=\"elementor-container elementor-column-gap-no\">\n\t\t\t\t\t<div class=\"elementor-column elementor-col-100 elementor-top-column elementor-element elementor-element-23e56f6\" data-id=\"23e56f6\" data-element_type=\"column\">\n\t\t\t<div class=\"elementor-widget-wrap elementor-element-populated\">\n\t\t\t\t\t\t\t\t<section class=\"elementor-section elementor-inner-section elementor-element elementor-element-1bea1af elementor-section-boxed elementor-section-height-default elementor-section-height-default\" data-id=\"1bea1af\" data-element_type=\"section\">\n\t\t\t\t\t\t<div class=\"elementor-container elementor-column-gap-default\">\n\t\t\t\t\t<div class=\"elementor-column elementor-col-50 elementor-inner-column elementor-element elementor-element-8635bd2\" data-id=\"8635bd2\" data-element_type=\"column\">\n\t\t\t<div class=\"elementor-widget-wrap elementor-element-populated\">\n\t\t\t\t\t\t\t\t<div class=\"elementor-element elementor-element-e9a87f3 elementor-widget elementor-widget-image\" data-id=\"e9a87f3\" data-element_type=\"widget\" data-widget_type=\"image.default\">\n\t\t\t\t<div class=\"elementor-widget-container\">\n\t\t\t<style>\/*! elementor - v3.13.3 - 28-05-2023 *\/\n.elementor-widget-image{text-align:center}.elementor-widget-image a{display:inline-block}.elementor-widget-image a img[src$=\".svg\"]{width:48px}.elementor-widget-image img{vertical-align:middle;display:inline-block}<\/style>\t\t\t\t\t\t\t\t\t\t\t\t<img decoding=\"async\" width=\"768\" height=\"1091\" src=\"https:\/\/dev.rmradgjof.is\/wp-content\/uploads\/2022\/10\/rmradgjof-22-03-30-32287-Resize-e1666349054804-768x1091.jpg\" class=\"attachment-medium_large size-medium_large wp-image-735\" alt=\"\" loading=\"lazy\" srcset=\"https:\/\/dev.rmradgjof.is\/wp-content\/uploads\/2022\/10\/rmradgjof-22-03-30-32287-Resize-e1666349054804-768x1091.jpg 768w, https:\/\/dev.rmradgjof.is\/wp-content\/uploads\/2022\/10\/rmradgjof-22-03-30-32287-Resize-e1666349054804-211x300.jpg 211w, https:\/\/dev.rmradgjof.is\/wp-content\/uploads\/2022\/10\/rmradgjof-22-03-30-32287-Resize-e1666349054804-721x1024.jpg 721w, https:\/\/dev.rmradgjof.is\/wp-content\/uploads\/2022\/10\/rmradgjof-22-03-30-32287-Resize-e1666349054804.jpg 962w\" sizes=\"(max-width: 768px) 100vw, 768px\" \/>\t\t\t\t\t\t\t\t\t\t\t\t\t\t\t<\/div>\n\t\t\t\t<\/div>\n\t\t\t\t\t<\/div>\n\t\t<\/div>\n\t\t\t\t<div class=\"elementor-column elementor-col-50 elementor-inner-column elementor-element elementor-element-7c2fd78\" data-id=\"7c2fd78\" data-element_type=\"column\">\n\t\t\t<div class=\"elementor-widget-wrap elementor-element-populated\">\n\t\t\t\t\t\t\t\t<div class=\"elementor-element elementor-element-3361053 elementor-widget elementor-widget-heading\" data-id=\"3361053\" data-element_type=\"widget\" data-widget_type=\"heading.default\">\n\t\t\t\t<div class=\"elementor-widget-container\">\n\t\t\t<style>\/*! elementor - v3.13.3 - 28-05-2023 *\/\n.elementor-heading-title{padding:0;margin:0;line-height:1}.elementor-widget-heading .elementor-heading-title[class*=elementor-size-]>a{color:inherit;font-size:inherit;line-height:inherit}.elementor-widget-heading .elementor-heading-title.elementor-size-small{font-size:15px}.elementor-widget-heading .elementor-heading-title.elementor-size-medium{font-size:19px}.elementor-widget-heading .elementor-heading-title.elementor-size-large{font-size:29px}.elementor-widget-heading .elementor-heading-title.elementor-size-xl{font-size:39px}.elementor-widget-heading .elementor-heading-title.elementor-size-xxl{font-size:59px}<\/style><h2 class=\"elementor-heading-title elementor-size-default\">FAGMENNSKA - J\u00c1KV\u00c6\u00d0NI - \u00c1RANGUR<\/h2>\t\t<\/div>\n\t\t\t\t<\/div>\n\t\t\t\t<div class=\"elementor-element elementor-element-7b4be94 elementor-invisible elementor-widget elementor-widget-text-editor\" data-id=\"7b4be94\" data-element_type=\"widget\" data-settings=\"{&quot;_animation&quot;:&quot;fadeIn&quot;}\" data-widget_type=\"text-editor.default\">\n\t\t\t\t<div class=\"elementor-widget-container\">\n\t\t\t<style>\/*! elementor - v3.13.3 - 28-05-2023 *\/\n.elementor-widget-text-editor.elementor-drop-cap-view-stacked .elementor-drop-cap{background-color:#69727d;color:#fff}.elementor-widget-text-editor.elementor-drop-cap-view-framed .elementor-drop-cap{color:#69727d;border:3px solid;background-color:transparent}.elementor-widget-text-editor:not(.elementor-drop-cap-view-default) .elementor-drop-cap{margin-top:8px}.elementor-widget-text-editor:not(.elementor-drop-cap-view-default) .elementor-drop-cap-letter{width:1em;height:1em}.elementor-widget-text-editor .elementor-drop-cap{float:left;text-align:center;line-height:1;font-size:50px}.elementor-widget-text-editor .elementor-drop-cap-letter{display:inline-block}<\/style>\t\t\t\t<p><strong>RM R\u00e1\u00f0gj\u00f6f ehf<\/strong>. var stofna\u00f0 \u00ed n\u00f3vember 2011 af Ragnari Matth\u00edassyni.&nbsp; RM R\u00e1\u00f0gj\u00f6f s\u00e9rh\u00e6fir sig \u00ed mannau\u00f0sr\u00e1\u00f0gj\u00f6f og fr\u00e6\u00f0slu.<\/p>\n<p>Ragnar hefur hefur v\u00ed\u00f0t\u00e6ka \u00feekkingu og reynslu af mannau\u00f0sstj\u00f3rnun og stj\u00f3rnendar\u00e1\u00f0gj\u00f6f.&nbsp; Hann hefur unni\u00f0 fyrir fj\u00f6lm\u00f6rg fyrirt\u00e6ki og stofnanir til lengri og skemmri t\u00edma, einkum \u00e1 svi\u00f0i mannau\u00f0sstj\u00f3rnunar, stefnum\u00f3tunar og fr\u00e6\u00f0slu.&nbsp;&nbsp;<\/p>\n<p><span style=\"color: var( --e-global-color-text );\">Ragnar er mj\u00f6g reyndur n\u00e1mskei\u00f0shaldari og fyrirlesari, hefur st\u00fdrt r\u00fdnih\u00f3pum, starfsd\u00f6gum og vinnustofum s\u00e9rsni\u00f0num a\u00f0 \u00fe\u00f6rfum fyrirt\u00e6kja en me\u00f0&nbsp;<\/span><span style=\"color: var( --e-global-color-text );\">\u00e1herslu \u00e1 stj\u00f3rnenda\u00fej\u00e1lfun, samskipti, faglega og pers\u00f3nulega uppbyggingu starfsmanna og stj\u00f3rnenda.<\/span><\/p>\n<p><span style=\"color: var( --e-global-color-text );\">Ragnar er me\u00f0 MBA gr\u00e1\u00f0u og&nbsp; MSc \u00ed mannau\u00f0sstj\u00f3rnun fr\u00e1 H\u00e1sk\u00f3la \u00cdslands, dipl\u00f3magr\u00e1\u00f0u \u00ed marka\u00f0s- og \u00fatflutningsfr\u00e6\u00f0i og mannau\u00f0sstj\u00f3rnun \u00e1samt \u00fev\u00ed a\u00f0 vera mennta\u00f0ur matrei\u00f0sluma\u00f0ur.&nbsp;<\/span><span style=\"color: var( --e-global-color-text );\">Hann hefur auk \u00feess starfa\u00f0 vi\u00f0 h\u00f3telstj\u00f3rnun, rekstrarstj\u00f3rnun, starfsmannastj\u00f3rnun og hefur mikla reynslu af \u00fej\u00e1lfun \u00ed r\u00e6\u00f0umennsku og af f\u00e9lagsm\u00e1lum.<\/span><\/p>\n<p>RM R\u00e1\u00f0gj\u00f6f er \u00ed samstarfi vi\u00f0 \u00fdmsa s\u00e9rfr\u00e6\u00f0inga, sem koma a\u00f0 margv\u00edslegum s\u00e9rh\u00e6f\u00f0um verkefnum me\u00f0 r\u00e1\u00f0gj\u00f6f og vinnuframlagi eftir \u00fe\u00f6rfum og umfangi vi\u00f0skiptavina.<\/p>\n<p>Lei\u00f0arlj\u00f3s RM R\u00e1\u00f0gjafar hefur fr\u00e1 upphafi veri\u00f0 fagmennska, j\u00e1kv\u00e6\u00f0ni og \u00e1rangur.<\/p>\t\t\t\t\t\t<\/div>\n\t\t\t\t<\/div>\n\t\t\t\t\t<\/div>\n\t\t<\/div>\n\t\t\t\t\t\t\t<\/div>\n\t\t<\/section>\n\t\t\t\t\t<\/div>\n\t\t<\/div>\n\t\t\t\t\t\t\t<\/div>\n\t\t<\/section>\n\t\t\t\t<section class=\"elementor-section elementor-top-section elementor-element elementor-element-2de984e elementor-section-boxed elementor-section-height-default elementor-section-height-default\" data-id=\"2de984e\" data-element_type=\"section\">\n\t\t\t\t\t\t<div class=\"elementor-container elementor-column-gap-default\">\n\t\t\t\t\t<div class=\"elementor-column elementor-col-100 elementor-top-column elementor-element elementor-element-f898786\" data-id=\"f898786\" data-element_type=\"column\">\n\t\t\t<div class=\"elementor-widget-wrap elementor-element-populated\">\n\t\t\t\t\t\t\t\t<div class=\"elementor-element elementor-element-27d91fe elementor-widget elementor-widget-spacer\" data-id=\"27d91fe\" data-element_type=\"widget\" data-widget_type=\"spacer.default\">\n\t\t\t\t<div class=\"elementor-widget-container\">\n\t\t\t<style>\/*! elementor - v3.13.3 - 28-05-2023 *\/\n.elementor-column .elementor-spacer-inner{height:var(--spacer-size)}.e-con{--container-widget-width:100%}.e-con-inner>.elementor-widget-spacer,.e-con>.elementor-widget-spacer{width:var(--container-widget-width,var(--spacer-size));--align-self:var(--container-widget-align-self,initial);--flex-shrink:0}.e-con-inner>.elementor-widget-spacer>.elementor-widget-container,.e-con-inner>.elementor-widget-spacer>.elementor-widget-container>.elementor-spacer,.e-con>.elementor-widget-spacer>.elementor-widget-container,.e-con>.elementor-widget-spacer>.elementor-widget-container>.elementor-spacer{height:100%}.e-con-inner>.elementor-widget-spacer>.elementor-widget-container>.elementor-spacer>.elementor-spacer-inner,.e-con>.elementor-widget-spacer>.elementor-widget-container>.elementor-spacer>.elementor-spacer-inner{height:var(--container-widget-height,var(--spacer-size))}<\/style>\t\t<div class=\"elementor-spacer\">\n\t\t\t<div class=\"elementor-spacer-inner\"><\/div>\n\t\t<\/div>\n\t\t\t\t<\/div>\n\t\t\t\t<\/div>\n\t\t\t\t\t<\/div>\n\t\t<\/div>\n\t\t\t\t\t\t\t<\/div>\n\t\t<\/section>\n\t\t\t\t<section class=\"elementor-section elementor-top-section elementor-element elementor-element-05f3c60 elementor-section-full_width elementor-section-height-default elementor-section-height-default\" data-id=\"05f3c60\" data-element_type=\"section\">\n\t\t\t\t\t\t<div class=\"elementor-container elementor-column-gap-default\">\n\t\t\t\t\t<div class=\"elementor-column elementor-col-100 elementor-top-column elementor-element elementor-element-425e4c5\" data-id=\"425e4c5\" data-element_type=\"column\">\n\t\t\t<div class=\"elementor-widget-wrap elementor-element-populated\">\n\t\t\t\t\t\t\t\t<section class=\"elementor-section elementor-inner-section elementor-element elementor-element-359a8e1 elementor-section-boxed elementor-section-height-default elementor-section-height-default\" data-id=\"359a8e1\" data-element_type=\"section\">\n\t\t\t\t\t\t<div class=\"elementor-container elementor-column-gap-default\">\n\t\t\t\t\t<div class=\"elementor-column elementor-col-50 elementor-inner-column elementor-element elementor-element-4e78dcc\" data-id=\"4e78dcc\" data-element_type=\"column\">\n\t\t\t<div class=\"elementor-widget-wrap\">\n\t\t\t\t\t\t\t\t\t<\/div>\n\t\t<\/div>\n\t\t\t\t<div class=\"elementor-column elementor-col-50 elementor-inner-column elementor-element elementor-element-88dbcde\" data-id=\"88dbcde\" data-element_type=\"column\">\n\t\t\t<div class=\"elementor-widget-wrap\">\n\t\t\t\t\t\t\t\t\t<\/div>\n\t\t<\/div>\n\t\t\t\t\t\t\t<\/div>\n\t\t<\/section>\n\t\t\t\t\t<\/div>\n\t\t<\/div>\n\t\t\t\t\t\t\t<\/div>\n\t\t<\/section>\n\t\t\t\t<section class=\"elementor-section elementor-top-section elementor-element elementor-element-d466dfc elementor-section-boxed elementor-section-height-default elementor-section-height-default\" data-id=\"d466dfc\" data-element_type=\"section\">\n\t\t\t\t\t\t<div class=\"elementor-container elementor-column-gap-default\">\n\t\t\t\t\t<div class=\"elementor-column elementor-col-50 elementor-top-column elementor-element elementor-element-7da966d\" data-id=\"7da966d\" data-element_type=\"column\">\n\t\t\t<div class=\"elementor-widget-wrap elementor-element-populated\">\n\t\t\t\t\t\t\t\t<div class=\"elementor-element elementor-element-2d7472a elementor-testimonial--skin-bubble elementor-testimonial--layout-image_inline elementor-testimonial--align-center elementor-widget elementor-widget-testimonial-carousel\" data-id=\"2d7472a\" data-element_type=\"widget\" data-settings=\"{&quot;speed&quot;:500,&quot;loop&quot;:&quot;yes&quot;,&quot;space_between&quot;:{&quot;unit&quot;:&quot;px&quot;,&quot;size&quot;:10,&quot;sizes&quot;:[]},&quot;space_between_laptop&quot;:{&quot;unit&quot;:&quot;px&quot;,&quot;size&quot;:10,&quot;sizes&quot;:[]},&quot;space_between_tablet&quot;:{&quot;unit&quot;:&quot;px&quot;,&quot;size&quot;:10,&quot;sizes&quot;:[]},&quot;space_between_mobile&quot;:{&quot;unit&quot;:&quot;px&quot;,&quot;size&quot;:10,&quot;sizes&quot;:[]}}\" data-widget_type=\"testimonial-carousel.default\">\n\t\t\t\t<div class=\"elementor-widget-container\">\n\t\t\t<link rel=\"stylesheet\" href=\"https:\/\/dev.rmradgjof.is\/wp-content\/plugins\/elementor-pro\/assets\/css\/widget-carousel.min.css\">\t\t<div class=\"elementor-swiper\">\n\t\t\t<div class=\"elementor-main-swiper swiper-container\">\n\t\t\t\t<div class=\"swiper-wrapper\">\n\t\t\t\t\t\t\t\t\t\t\t<div class=\"swiper-slide\">\n\t\t\t\t\t\t\t\t\t<div class=\"elementor-testimonial\">\n\t\t\t\t\t\t\t<div class=\"elementor-testimonial__content\">\n\t\t\t\t\t<div class=\"elementor-testimonial__text\">\n\t\t\t\t\t\tRagnar er \u00fe\u00e6gilegur fyrirlesari, og heldur athygli vel. Skemmtilegt n\u00e1mskei\u00f0 og f\u00f3lk hlakkar til a\u00f0 m\u00e6ta n\u00e6st.\t\t\t\t\t<\/div>\n\t\t\t\t\t\t\t\t\t<\/div>\n\t\t\t\t\t\t<div class=\"elementor-testimonial__footer\">\n\t\t\t\t\t\t\t\t\t<div class=\"elementor-testimonial__image\">\n\t\t\t\t\t\t<img decoding=\"async\" src=\"https:\/\/dev.rmradgjof.is\/wp-content\/uploads\/2022\/01\/NYqmNJIJ_400x400.jpg\" alt=\"Eva J\u00f3steinsd\u00f3ttir\">\n\t\t\t\t\t\t\t\t\t\t\t<\/div>\n\t\t\t\t\t\t\t\t<cite class=\"elementor-testimonial__cite\"><span class=\"elementor-testimonial__name\">Eva J\u00f3steinsd\u00f3ttir<\/span><span class=\"elementor-testimonial__title\">Rekstrarstj\u00f3ri<\/span><\/cite>\t\t\t<\/div>\n\t\t<\/div>\n\t\t\t\t\t\t\t\t<\/div>\n\t\t\t\t\t\t\t\t\t<\/div>\n\t\t\t\t\t\t\t<\/div>\n\t\t<\/div>\n\t\t\t\t<\/div>\n\t\t\t\t<\/div>\n\t\t\t\t<div class=\"elementor-element elementor-element-e9ed218 elementor-testimonial--skin-bubble elementor-testimonial--layout-image_inline elementor-testimonial--align-center elementor-widget elementor-widget-testimonial-carousel\" data-id=\"e9ed218\" data-element_type=\"widget\" data-settings=\"{&quot;space_between&quot;:{&quot;unit&quot;:&quot;px&quot;,&quot;size&quot;:0,&quot;sizes&quot;:[]},&quot;speed&quot;:500,&quot;loop&quot;:&quot;yes&quot;,&quot;space_between_laptop&quot;:{&quot;unit&quot;:&quot;px&quot;,&quot;size&quot;:10,&quot;sizes&quot;:[]},&quot;space_between_tablet&quot;:{&quot;unit&quot;:&quot;px&quot;,&quot;size&quot;:10,&quot;sizes&quot;:[]},&quot;space_between_mobile&quot;:{&quot;unit&quot;:&quot;px&quot;,&quot;size&quot;:10,&quot;sizes&quot;:[]}}\" data-widget_type=\"testimonial-carousel.default\">\n\t\t\t\t<div class=\"elementor-widget-container\">\n\t\t\t\t\t<div class=\"elementor-swiper\">\n\t\t\t<div class=\"elementor-main-swiper swiper-container\">\n\t\t\t\t<div class=\"swiper-wrapper\">\n\t\t\t\t\t\t\t\t\t\t\t<div class=\"swiper-slide\">\n\t\t\t\t\t\t\t\t\t<div class=\"elementor-testimonial\">\n\t\t\t\t\t\t\t<div class=\"elementor-testimonial__content\">\n\t\t\t\t\t<div class=\"elementor-testimonial__text\">\n\t\t\t\t\t\t\"Ragnar vann mj\u00f6g g\u00f3\u00f0a undirb\u00faningsvinnu me\u00f0 st\u00f3rum h\u00f3pi starfsmanna h\u00e9r innanh\u00fass og ger\u00f0i \u00ed framhaldinu fr\u00e6\u00f0slu\u00e1\u00e6tlun fyrir alla starfsmenn fyrirt\u00e6kisins. Ragnar vann \u00feessa vinnu af fagmennsku og samviskusemi.\"\t\t\t\t\t<\/div>\n\t\t\t\t\t\t\t\t\t<\/div>\n\t\t\t\t\t\t<div class=\"elementor-testimonial__footer\">\n\t\t\t\t\t\t\t\t\t<div class=\"elementor-testimonial__image\">\n\t\t\t\t\t\t<img decoding=\"async\" src=\"https:\/\/dev.rmradgjof.is\/wp-content\/uploads\/2022\/11\/logo-1-300x205.png\" alt=\"R\u00fanar Ingibjartsson\">\n\t\t\t\t\t\t\t\t\t\t\t<\/div>\n\t\t\t\t\t\t\t\t<cite class=\"elementor-testimonial__cite\"><span class=\"elementor-testimonial__name\">R\u00fanar Ingibjartsson<\/span><span class=\"elementor-testimonial__title\">G\u00e6\u00f0astj\u00f3ri<\/span><\/cite>\t\t\t<\/div>\n\t\t<\/div>\n\t\t\t\t\t\t\t\t<\/div>\n\t\t\t\t\t\t\t\t\t<\/div>\n\t\t\t\t\t\t\t<\/div>\n\t\t<\/div>\n\t\t\t\t<\/div>\n\t\t\t\t<\/div>\n\t\t\t\t\t<\/div>\n\t\t<\/div>\n\t\t\t\t<div class=\"elementor-column elementor-col-50 elementor-top-column elementor-element elementor-element-205d271\" data-id=\"205d271\" data-element_type=\"column\">\n\t\t\t<div class=\"elementor-widget-wrap elementor-element-populated\">\n\t\t\t\t\t\t\t\t<div class=\"elementor-element elementor-element-eacab63 elementor-testimonial--skin-bubble elementor-testimonial--layout-image_inline elementor-testimonial--align-center elementor-widget elementor-widget-testimonial-carousel\" data-id=\"eacab63\" data-element_type=\"widget\" data-settings=\"{&quot;speed&quot;:500,&quot;loop&quot;:&quot;yes&quot;,&quot;space_between&quot;:{&quot;unit&quot;:&quot;px&quot;,&quot;size&quot;:10,&quot;sizes&quot;:[]},&quot;space_between_laptop&quot;:{&quot;unit&quot;:&quot;px&quot;,&quot;size&quot;:10,&quot;sizes&quot;:[]},&quot;space_between_tablet&quot;:{&quot;unit&quot;:&quot;px&quot;,&quot;size&quot;:10,&quot;sizes&quot;:[]},&quot;space_between_mobile&quot;:{&quot;unit&quot;:&quot;px&quot;,&quot;size&quot;:10,&quot;sizes&quot;:[]}}\" data-widget_type=\"testimonial-carousel.default\">\n\t\t\t\t<div class=\"elementor-widget-container\">\n\t\t\t\t\t<div class=\"elementor-swiper\">\n\t\t\t<div class=\"elementor-main-swiper swiper-container\">\n\t\t\t\t<div class=\"swiper-wrapper\">\n\t\t\t\t\t\t\t\t\t\t\t<div class=\"swiper-slide\">\n\t\t\t\t\t\t\t\t\t<div class=\"elementor-testimonial\">\n\t\t\t\t\t\t\t<div class=\"elementor-testimonial__content\">\n\t\t\t\t\t<div class=\"elementor-testimonial__text\">\n\t\t\t\t\t\tRagnar t\u00f3k a\u00f0 s\u00e9r a\u00f0 halda \u201eSamskiptan\u00e1mskei\u00f0\u201c. <\/br>\u00dea\u00f0 n\u00e1mskei\u00f0 s\u00f3ttu allir starfsmenn, vori\u00f0 2013. <\/br>Ragnar kom \u00fev\u00ed n\u00e1mskei\u00f0i vel til skila og f\u00e9kk starfsmenn til a\u00f0 taka virkan \u00fe\u00e1tt \u00ed umr\u00e6\u00f0u og \u00e6fingum tengdu efninu \u00e1 fumlausan og \u00fe\u00e6gilegan h\u00e1tt.\t\t\t\t\t<\/div>\n\t\t\t\t\t\t\t\t\t<\/div>\n\t\t\t\t\t\t<div class=\"elementor-testimonial__footer\">\n\t\t\t\t\t\t\t\t\t<div class=\"elementor-testimonial__image\">\n\t\t\t\t\t\t<img decoding=\"async\" src=\"https:\/\/dev.rmradgjof.is\/wp-content\/uploads\/2022\/01\/kjoris_rm_logo-1-300x300.png\" alt=\"Anton T\u00f3masson\">\n\t\t\t\t\t\t\t\t\t\t\t<\/div>\n\t\t\t\t\t\t\t\t<cite class=\"elementor-testimonial__cite\"><span class=\"elementor-testimonial__name\">Anton T\u00f3masson<\/span><span class=\"elementor-testimonial__title\">G\u00e6\u00f0astj\u00f3ri<\/span><\/cite>\t\t\t<\/div>\n\t\t<\/div>\n\t\t\t\t\t\t\t\t<\/div>\n\t\t\t\t\t\t\t\t\t<\/div>\n\t\t\t\t\t\t\t<\/div>\n\t\t<\/div>\n\t\t\t\t<\/div>\n\t\t\t\t<\/div>\n\t\t\t\t\t<\/div>\n\t\t<\/div>\n\t\t\t\t\t\t\t<\/div>\n\t\t<\/section>\n\t\t\t\t\t\t\t<\/div>\n\t\t","protected":false},"excerpt":{"rendered":"<p>FAGMENNSKA &#8211; J\u00c1KV\u00c6\u00d0NI &#8211; \u00c1RANGUR RM R\u00e1\u00f0gj\u00f6f ehf. var stofna\u00f0 \u00ed n\u00f3vember 2011 af Ragnari Matth\u00edassyni.&nbsp; RM R\u00e1\u00f0gj\u00f6f s\u00e9rh\u00e6fir sig \u00ed mannau\u00f0sr\u00e1\u00f0gj\u00f6f og fr\u00e6\u00f0slu. Ragnar hefur hefur v\u00ed\u00f0t\u00e6ka \u00feekkingu og reynslu af mannau\u00f0sstj\u00f3rnun og stj\u00f3rnendar\u00e1\u00f0gj\u00f6f.&nbsp; Hann hefur unni\u00f0 fyrir fj\u00f6lm\u00f6rg fyrirt\u00e6ki og stofnanir til lengri og skemmri t\u00edma, einkum \u00e1 svi\u00f0i mannau\u00f0sstj\u00f3rnunar, stefnum\u00f3tunar og fr\u00e6\u00f0slu.&nbsp;&nbsp; [&hellip;]<\/p>\n","protected":false},"author":1,"featured_media":0,"parent":0,"menu_order":0,"comment_status":"closed","ping_status":"closed","template":"elementor_header_footer","meta":[],"_links":{"self":[{"href":"https:\/\/dev.rmradgjof.is\/index.php\/wp-json\/wp\/v2\/pages\/18"}],"collection":[{"href":"https:\/\/dev.rmradgjof.is\/index.php\/wp-json\/wp\/v2\/pages"}],"about":[{"href":"https:\/\/dev.rmradgjof.is\/index.php\/wp-json\/wp\/v2\/types\/page"}],"author":[{"embeddable":true,"href":"https:\/\/dev.rmradgjof.is\/index.php\/wp-json\/wp\/v2\/users\/1"}],"replies":[{"embeddable":true,"href":"https:\/\/dev.rmradgjof.is\/index.php\/wp-json\/wp\/v2\/comments?post=18"}],"version-history":[{"count":130,"href":"https:\/\/dev.rmradgjof.is\/index.php\/wp-json\/wp\/v2\/pages\/18\/revisions"}],"predecessor-version":[{"id":1665,"href":"https:\/\/dev.rmradgjof.is\/index.php\/wp-json\/wp\/v2\/pages\/18\/revisions\/1665"}],"wp:attachment":[{"href":"https:\/\/dev.rmradgjof.is\/index.php\/wp-json\/wp\/v2\/media?parent=18"}],"curies":[{"name":"wp","href":"https:\/\/api.w.org\/{rel}","templated":true}]}}